{"id":332,"date":"2019-10-09T13:04:57","date_gmt":"2019-10-09T13:04:57","guid":{"rendered":"https:\/\/www.sparktechnology.it\/about-us\/"},"modified":"2024-08-09T10:38:14","modified_gmt":"2024-08-09T08:38:14","slug":"about-us","status":"publish","type":"page","link":"https:\/\/www.sparktechnology.it\/en\/about-us\/","title":{"rendered":"About Us"},"content":{"rendered":"<p>[et_pb_section fb_built=&#8221;1&#8243; _builder_version=&#8221;4.19.3&#8243; _module_preset=&#8221;default&#8221; background_color=&#8221;gcid-f0305e97-9f3e-4760-843a-c47eb44e143a&#8221; custom_margin=&#8221;||||false|false&#8221; custom_padding=&#8221;25px||20px||false|false&#8221; locked=&#8221;off&#8221; global_colors_info=&#8221;{%22gcid-f0305e97-9f3e-4760-843a-c47eb44e143a%22:%91%22background_color%22%93}&#8221;][et_pb_row column_structure=&#8221;3_4,1_4&#8243; _builder_version=&#8221;4.19.3&#8243; _module_preset=&#8221;default&#8221; custom_padding=&#8221;0px||0px||true|false&#8221; global_colors_info=&#8221;{}&#8221;][et_pb_column type=&#8221;3_4&#8243; _builder_version=&#8221;4.19.3&#8243; _module_preset=&#8221;default&#8221; global_colors_info=&#8221;{}&#8221;][et_pb_text _builder_version=&#8221;4.23.1&#8243; _module_preset=&#8221;default&#8221; text_font=&#8221;|700|||||||&#8221; text_text_color=&#8221;#FFFFFF&#8221; text_font_size=&#8221;30px&#8221; text_letter_spacing=&#8221;2px&#8221; custom_padding=&#8221;10px||||false|false&#8221; global_colors_info=&#8221;{}&#8221;]Construction of Systems for the Industrial Sector<br \/>\n[\/et_pb_text][\/et_pb_column][et_pb_column type=&#8221;1_4&#8243; _builder_version=&#8221;4.19.3&#8243; _module_preset=&#8221;default&#8221; global_colors_info=&#8221;{}&#8221;][et_pb_button button_url=&#8221;@ET-DC@eyJkeW5hbWljIjp0cnVlLCJjb250ZW50IjoicG9zdF9saW5rX3VybF9wYWdlIiwic2V0dGluZ3MiOnsicG9zdF9pZCI6IjYifX0=@&#8221; button_text=&#8221;CONTACT US&#8221; _builder_version=&#8221;4.23.1&#8243; _dynamic_attributes=&#8221;button_url&#8221; _module_preset=&#8221;default&#8221; custom_button=&#8221;on&#8221; button_text_size=&#8221;16px&#8221; button_text_color=&#8221;#FFFFFF&#8221; button_border_width=&#8221;2px&#8221; button_font=&#8221;|600|||||||&#8221; custom_margin=&#8221;||0px||false|false&#8221; global_colors_info=&#8221;{}&#8221;][\/et_pb_button][\/et_pb_column][\/et_pb_row][\/et_pb_section][et_pb_section fb_built=&#8221;1&#8243; admin_label=&#8221;section&#8221; _builder_version=&#8221;4.23.1&#8243; custom_padding=&#8221;||0px||false|false&#8221; global_colors_info=&#8221;{}&#8221;][et_pb_row column_structure=&#8221;1_2,1_2&#8243; admin_label=&#8221;row&#8221; _builder_version=&#8221;4.19.4&#8243; background_size=&#8221;initial&#8221; background_position=&#8221;top_left&#8221; background_repeat=&#8221;repeat&#8221; custom_padding=&#8221;0px||0px||false|false&#8221; global_colors_info=&#8221;{}&#8221;][et_pb_column type=&#8221;1_2&#8243; _builder_version=&#8221;4.16&#8243; custom_padding=&#8221;|||&#8221; global_colors_info=&#8221;{}&#8221; custom_padding__hover=&#8221;|||&#8221;][et_pb_text admin_label=&#8221;Text&#8221; _builder_version=&#8221;4.23.1&#8243; header_font=&#8221;|700||on|||||&#8221; header_font_size=&#8221;40px&#8221; background_size=&#8221;initial&#8221; background_position=&#8221;top_left&#8221; background_repeat=&#8221;repeat&#8221; global_colors_info=&#8221;{}&#8221;]<\/p>\n<h1>About us<\/h1>\n<p>[\/et_pb_text][\/et_pb_column][et_pb_column type=&#8221;1_2&#8243; _builder_version=&#8221;4.16&#8243; custom_padding=&#8221;|||&#8221; global_colors_info=&#8221;{}&#8221; custom_padding__hover=&#8221;|||&#8221;][\/et_pb_column][\/et_pb_row][et_pb_row column_structure=&#8221;1_2,1_2&#8243; admin_label=&#8221;row&#8221; _builder_version=&#8221;4.16&#8243; background_size=&#8221;initial&#8221; background_position=&#8221;top_left&#8221; background_repeat=&#8221;repeat&#8221; global_colors_info=&#8221;{}&#8221;][et_pb_column type=&#8221;1_2&#8243; _builder_version=&#8221;4.16&#8243; custom_padding=&#8221;|||&#8221; global_colors_info=&#8221;{}&#8221; custom_padding__hover=&#8221;|||&#8221;][et_pb_text admin_label=&#8221;Text&#8221; _builder_version=&#8221;4.27.0&#8243; header_font=&#8221;|700|||||||&#8221; header_font_size=&#8221;40px&#8221; background_size=&#8221;initial&#8221; background_position=&#8221;top_left&#8221; background_repeat=&#8221;repeat&#8221; global_colors_info=&#8221;{}&#8221;]<\/p>\n<p><strong>Spark<\/strong> is a mechanical company specialized for over <strong>20 years<\/strong> in the design and construction of plants in the food sector.<br \/>The design phase is crucial to ensuring maximum customer satisfaction.<\/p>\n<p>The design phase is an extremely important time to ensure maximum customer satisfaction.<\/p>\n<p>The mechanical technical department is highly qualified and committed to close collaboration with the end customer, both during the design phase and throughout production, ensuring the most suitable solution and adequate response to every specific need.<\/p>\n<p>Thanks to its experience, in recent years it has developed high technological potential and reliability in the design and construction of complete plants.<\/p>\n<p>[\/et_pb_text][\/et_pb_column][et_pb_column type=&#8221;1_2&#8243; _builder_version=&#8221;4.16&#8243; custom_padding=&#8221;|||&#8221; global_colors_info=&#8221;{}&#8221; custom_padding__hover=&#8221;|||&#8221;][et_pb_text admin_label=&#8221;Text&#8221; _builder_version=&#8221;4.27.0&#8243; header_font=&#8221;|700|||||||&#8221; header_font_size=&#8221;40px&#8221; background_size=&#8221;initial&#8221; background_position=&#8221;top_left&#8221; background_repeat=&#8221;repeat&#8221; global_colors_info=&#8221;{}&#8221;]<\/p>\n<p>In a historical context of globalization, Spark is capable of supporting diverse needs to provide a range of mechanical services including construction, assembly, and maintenance both nationally and internationally. <\/p>\n<p><strong>Spark<\/strong> directly manages <strong>all operational phases<\/strong> to meet client requirements, adhering to quality standards and current regulations.<\/p>\n<p><strong>Our high-level management <\/strong>ensures adherence to deadlines and cost-effectiveness, fostering continuous improvement. Our facility allows for thoroughly tested products simulated throughout their operational cycles, supported by an in-house testing department staffed with specialized technicians.<\/p>\n<p>[\/et_pb_text][\/et_pb_column][\/et_pb_row][\/et_pb_section][et_pb_section fb_built=&#8221;1&#8243; _builder_version=&#8221;4.23.1&#8243; _module_preset=&#8221;default&#8221; custom_padding=&#8221;0px||||false|false&#8221; global_module=&#8221;1185&#8243; saved_tabs=&#8221;all&#8221; locked=&#8221;off&#8221; global_colors_info=&#8221;{}&#8221;][et_pb_row _builder_version=&#8221;4.19.4&#8243; _module_preset=&#8221;default&#8221; locked=&#8221;off&#8221; global_colors_info=&#8221;{}&#8221; admin_label=&#8221;Row&#8221;][et_pb_column type=&#8221;4_4&#8243; _builder_version=&#8221;4.19.4&#8243; _module_preset=&#8221;default&#8221; global_colors_info=&#8221;{}&#8221;][et_pb_text _builder_version=&#8221;4.23.1&#8243; _module_preset=&#8221;default&#8221; text_font=&#8221;|600||on|||||&#8221; text_font_size=&#8221;20px&#8221; text_orientation=&#8221;center&#8221; global_colors_info=&#8221;{}&#8221;]<\/p>\n<p>Among our clients are prominent companies at both the national and international levels:<\/p>\n<p>[\/et_pb_text][\/et_pb_column][\/et_pb_row][et_pb_row column_structure=&#8221;1_5,1_5,1_5,1_5,1_5&#8243; use_custom_gutter=&#8221;on&#8221; gutter_width=&#8221;2&#8243; _builder_version=&#8221;4.23.1&#8243; _module_preset=&#8221;default&#8221; locked=&#8221;off&#8221; global_colors_info=&#8221;{}&#8221;][et_pb_column type=&#8221;1_5&#8243; _builder_version=&#8221;4.19.4&#8243; _module_preset=&#8221;default&#8221; global_colors_info=&#8221;{}&#8221;][et_pb_blurb title=&#8221;pasta factories&#8221; image=&#8221;https:\/\/www.sparktechnology.it\/wp-content\/uploads\/2022\/12\/001-ravioli.png&#8221; image_icon_width=&#8221;100px&#8221; _builder_version=&#8221;4.23.1&#8243; _module_preset=&#8221;default&#8221; header_font=&#8221;|700||on|||||&#8221; header_text_align=&#8221;center&#8221; header_font_size=&#8221;20px&#8221; global_colors_info=&#8221;{}&#8221;][\/et_pb_blurb][\/et_pb_column][et_pb_column type=&#8221;1_5&#8243; _builder_version=&#8221;4.19.4&#8243; _module_preset=&#8221;default&#8221; global_colors_info=&#8221;{}&#8221;][et_pb_blurb title=&#8221;mills&#8221; image=&#8221;https:\/\/www.sparktechnology.it\/wp-content\/uploads\/2022\/12\/002-flour.png&#8221; image_icon_width=&#8221;100px&#8221; _builder_version=&#8221;4.23.1&#8243; _module_preset=&#8221;default&#8221; header_font=&#8221;|700||on|||||&#8221; header_text_align=&#8221;center&#8221; header_font_size=&#8221;20px&#8221; global_colors_info=&#8221;{}&#8221;][\/et_pb_blurb][\/et_pb_column][et_pb_column type=&#8221;1_5&#8243; _builder_version=&#8221;4.19.4&#8243; _module_preset=&#8221;default&#8221; global_colors_info=&#8221;{}&#8221;][et_pb_blurb title=&#8221;feed mills&#8221; image=&#8221;https:\/\/www.sparktechnology.it\/wp-content\/uploads\/2022\/12\/004-chicken-rice.png&#8221; image_icon_width=&#8221;100px&#8221; _builder_version=&#8221;4.23.1&#8243; _module_preset=&#8221;default&#8221; header_font=&#8221;|700||on|||||&#8221; header_text_align=&#8221;center&#8221; header_font_size=&#8221;20px&#8221; global_colors_info=&#8221;{}&#8221;][\/et_pb_blurb][\/et_pb_column][et_pb_column type=&#8221;1_5&#8243; _builder_version=&#8221;4.19.4&#8243; _module_preset=&#8221;default&#8221; global_colors_info=&#8221;{}&#8221;][et_pb_blurb title=&#8221;automated packaging systems&#8221; image=&#8221;https:\/\/www.sparktechnology.it\/wp-content\/uploads\/2022\/12\/006-packing-machine.png&#8221; image_icon_width=&#8221;100px&#8221; _builder_version=&#8221;4.23.1&#8243; _module_preset=&#8221;default&#8221; header_font=&#8221;|700||on|||||&#8221; header_text_align=&#8221;center&#8221; header_font_size=&#8221;20px&#8221; global_colors_info=&#8221;{}&#8221;][\/et_pb_blurb][\/et_pb_column][et_pb_column type=&#8221;1_5&#8243; _builder_version=&#8221;4.19.4&#8243; _module_preset=&#8221;default&#8221; global_colors_info=&#8221;{}&#8221;][et_pb_blurb title=&#8221;Packaging for fruit and vegetable food products&#8221; image=&#8221;https:\/\/www.sparktechnology.it\/wp-content\/uploads\/2022\/12\/007-harvest.png&#8221; image_icon_width=&#8221;100px&#8221; _builder_version=&#8221;4.23.1&#8243; _module_preset=&#8221;default&#8221; header_font=&#8221;|700||on|||||&#8221; header_text_align=&#8221;center&#8221; header_font_size=&#8221;20px&#8221; global_colors_info=&#8221;{}&#8221;][\/et_pb_blurb][\/et_pb_column][\/et_pb_row][et_pb_row column_structure=&#8221;1_6,1_6,1_6,1_6,1_6,1_6&#8243; use_custom_gutter=&#8221;on&#8221; gutter_width=&#8221;2&#8243; _builder_version=&#8221;4.19.4&#8243; _module_preset=&#8221;default&#8221; width=&#8221;100%&#8221; max_width=&#8221;2560px&#8221; global_colors_info=&#8221;{}&#8221;][et_pb_column type=&#8221;1_6&#8243; _builder_version=&#8221;4.19.4&#8243; _module_preset=&#8221;default&#8221; global_colors_info=&#8221;{}&#8221;][et_pb_image src=&#8221;https:\/\/www.sparktechnology.it\/wp-content\/uploads\/2019\/10\/logo-cliente-dececco.png&#8221; title_text=&#8221;logo-cliente-dececco&#8221; align=&#8221;center&#8221; _builder_version=&#8221;4.27.0&#8243; _module_preset=&#8221;default&#8221; custom_margin=&#8221;||||false|false&#8221; custom_margin_tablet=&#8221;&#8221; custom_margin_phone=&#8221;|5%||5%|false|false&#8221; custom_margin_last_edited=&#8221;on|phone&#8221; global_colors_info=&#8221;{}&#8221;][\/et_pb_image][\/et_pb_column][et_pb_column type=&#8221;1_6&#8243; _builder_version=&#8221;4.19.4&#8243; _module_preset=&#8221;default&#8221; global_colors_info=&#8221;{}&#8221;][et_pb_image src=&#8221;https:\/\/www.sparktechnology.it\/wp-content\/uploads\/2022\/12\/index-e1671458980137.png&#8221; title_text=&#8221;index&#8221; align=&#8221;center&#8221; _builder_version=&#8221;4.27.0&#8243; _module_preset=&#8221;default&#8221; custom_margin_tablet=&#8221;&#8221; custom_margin_phone=&#8221;|5%||5%|false|false&#8221; custom_margin_last_edited=&#8221;on|phone&#8221; global_colors_info=&#8221;{}&#8221;][\/et_pb_image][\/et_pb_column][et_pb_column type=&#8221;1_6&#8243; _builder_version=&#8221;4.19.4&#8243; _module_preset=&#8221;default&#8221; global_colors_info=&#8221;{}&#8221;][et_pb_image src=&#8221;https:\/\/www.sparktechnology.it\/wp-content\/uploads\/2022\/12\/800px-Buitoni-Logo.png&#8221; title_text=&#8221;800px-Buitoni-Logo&#8221; align=&#8221;center&#8221; _builder_version=&#8221;4.27.0&#8243; _module_preset=&#8221;default&#8221; custom_margin_tablet=&#8221;&#8221; custom_margin_phone=&#8221;|5%||5%|false|false&#8221; custom_margin_last_edited=&#8221;on|phone&#8221; global_colors_info=&#8221;{}&#8221;][\/et_pb_image][\/et_pb_column][et_pb_column type=&#8221;1_6&#8243; _builder_version=&#8221;4.19.4&#8243; _module_preset=&#8221;default&#8221; global_colors_info=&#8221;{}&#8221;][et_pb_image src=&#8221;https:\/\/www.sparktechnology.it\/wp-content\/uploads\/2022\/12\/corticella_2-e1671459105582.png&#8221; title_text=&#8221;corticella_2&#8243; align=&#8221;center&#8221; _builder_version=&#8221;4.27.0&#8243; _module_preset=&#8221;default&#8221; custom_margin_tablet=&#8221;&#8221; custom_margin_phone=&#8221;|5%||5%|false|false&#8221; custom_margin_last_edited=&#8221;on|phone&#8221; global_colors_info=&#8221;{}&#8221;][\/et_pb_image][\/et_pb_column][et_pb_column type=&#8221;1_6&#8243; _builder_version=&#8221;4.19.4&#8243; _module_preset=&#8221;default&#8221; global_colors_info=&#8221;{}&#8221;][et_pb_image src=&#8221;https:\/\/www.sparktechnology.it\/wp-content\/uploads\/2022\/12\/andalini-logo.png&#8221; title_text=&#8221;andalini-logo&#8221; align=&#8221;center&#8221; _builder_version=&#8221;4.27.0&#8243; _module_preset=&#8221;default&#8221; custom_margin_tablet=&#8221;&#8221; custom_margin_phone=&#8221;|5%||5%|false|false&#8221; custom_margin_last_edited=&#8221;on|phone&#8221; global_colors_info=&#8221;{}&#8221;][\/et_pb_image][\/et_pb_column][et_pb_column type=&#8221;1_6&#8243; _builder_version=&#8221;4.19.4&#8243; _module_preset=&#8221;default&#8221; global_colors_info=&#8221;{}&#8221;][et_pb_image src=&#8221;https:\/\/www.sparktechnology.it\/wp-content\/uploads\/2022\/12\/martini-logo-886&#215;494-1.jpg&#8221; title_text=&#8221;martini-logo-886&#215;494&#8243; align=&#8221;center&#8221; _builder_version=&#8221;4.27.0&#8243; _module_preset=&#8221;default&#8221; custom_margin_tablet=&#8221;&#8221; custom_margin_phone=&#8221;|5%||5%|false|false&#8221; custom_margin_last_edited=&#8221;on|phone&#8221; global_colors_info=&#8221;{}&#8221;][\/et_pb_image][\/et_pb_column][\/et_pb_row][\/et_pb_section]<\/p>\n","protected":false},"excerpt":{"rendered":"<p>Construction of Systems for the Industrial Sector About us Spark is a mechanical company specialized for over 20 years in the design and construction of plants in the food sector.The design phase is crucial to ensuring maximum customer satisfaction. The design phase is an extremely important time to ensure maximum customer satisfaction. The mechanical technical [&hellip;]<\/p>\n","protected":false},"author":2,"featured_media":768,"parent":0,"menu_order":0,"comment_status":"closed","ping_status":"closed","template":"","meta":{"_acf_changed":false,"_et_pb_use_builder":"on","_et_pb_old_content":"<h1>Realizzazione impianti per il settore alimentare<\/h1>\r\n<strong>Spark<\/strong>\u00a0\u00e8 un'azienda meccanica specializzata nella progettazione e realizzazione di impianti nel settore alimentare e magazzini automatici.\r\n\r\nLa fase di\u00a0<strong>progettazione<\/strong>\u00a0costituisce un momento estremamente importante per garantire la massima soddisfazione della clientela.\r\n\r\nL'ufficio tecnico meccanico \u00e8, infatti, altamente qualificato ed impegnato in una collaborazione a stretto contatto con il cliente finale, sia nella fase di progettazione sia durante la successiva produzione, cos\u00ec da garantire la soluzione pi\u00f9 adatta e la risposta pi\u00f9 adeguata ad ogni specifica esigenza.\r\n\r\nGrazie alla propria esperienza, negli ultimi anni ha sviluppato un\u2019alta potenzialit\u00e0 ed affidabilit\u00e0 tecnologica di progettazione e costruzione di impianti completi.\r\n\r\nIn un contesto storico di globalizzazione,\u00a0<strong>Spark<\/strong>\u00a0\u00e8 in grado di supportare le varie esigenze al fine di offrire una gamma di servizi meccanici di costruzione, montaggi e manutenzioni sul territorio nazionale ed estero.\r\n\r\n<strong>Spark\u00a0<\/strong>\u00e8 in grado di occuparsi direttamente di<strong>\u00a0tutte le fasi operative<\/strong>\u00a0di gestione dell<strong>\u2019intero progetto<\/strong>\u00a0per soddisfare tutte le necessit\u00e0 del cliente, conformemente all\u2019aspetto della qualit\u00e0 e della normativa vigente.\r\n\r\nVa poi sottolineato che\u00a0<strong>l\u2019alto livello della organizzazione gestionale<\/strong>\u00a0permette di rispettare la scadenze e di economizzare sui costi, in modo da avere un flusso di miglioramento continuo.\r\n\r\nLa nostra struttura permette di ottenere prodotti perfettamente collaudati e simulati nell\u2019intero ciclo di funzionamento, grazie al proprio<strong>\u00a0reparto di collaudo interno<\/strong>\u00a0costituito da tecnici specializzati.\r\n\r\nAnnoveriamo Clienti importanti a livello nazionale ed internazionale:\r\n<div>\r\n<ul>\r\n \t<li>Pastifici<\/li>\r\n \t<li>Molini<\/li>\r\n \t<li>Mangimifici<\/li>\r\n \t<li>Impianti di handling e macchine per magazzini automatici<\/li>\r\n \t<li>Impianti automatici per imballaggio<\/li>\r\n \t<li>Confezionamento alimentare per ortofrutta<\/li>\r\n<\/ul>\r\n<\/div>","_et_gb_content_width":"","footnotes":""},"acf":[],"yoast_head":"<!-- This site is optimized with the Yoast SEO plugin v23.1 - https:\/\/yoast.com\/wordpress\/plugins\/seo\/ -->\n<title>About Us - Spark Srl<\/title>\n<meta name=\"description\" content=\"Spark is a mechanical company specialized for over 20 years in the design and construction of plants in the food sector.\" \/>\n<meta name=\"robots\" content=\"index, follow, max-snippet:-1, max-image-preview:large, max-video-preview:-1\" \/>\n<link rel=\"canonical\" href=\"https:\/\/www.sparktechnology.it\/en\/about-us\/\" \/>\n<meta property=\"og:locale\" content=\"en_US\" \/>\n<meta property=\"og:type\" content=\"article\" \/>\n<meta property=\"og:title\" content=\"About Us - Spark Srl\" \/>\n<meta property=\"og:description\" content=\"Spark is a mechanical company specialized for over 20 years in the design and construction of plants in the food sector.\" \/>\n<meta property=\"og:site_name\" content=\"Spark Srl\" \/>\n<meta property=\"article:modified_time\" content=\"2024-08-09T08:38:14+00:00\" \/>\n<meta property=\"og:image\" content=\"https:\/\/www.sparktechnology.it\/wp-content\/uploads\/2022\/06\/spark-chi-siamo-2.jpg\" \/>\n\t<meta property=\"og:image:width\" content=\"1855\" \/>\n\t<meta property=\"og:image:height\" content=\"909\" \/>\n\t<meta property=\"og:image:type\" content=\"image\/jpeg\" \/>\n<meta name=\"twitter:card\" content=\"summary_large_image\" \/>\n<meta name=\"twitter:label1\" content=\"Est. reading time\" \/>\n\t<meta name=\"twitter:data1\" content=\"4 minutes\" \/>\n<script type=\"application\/ld+json\" class=\"yoast-schema-graph\">{\"@context\":\"https:\/\/schema.org\",\"@graph\":[{\"@type\":\"WebPage\",\"@id\":\"https:\/\/www.sparktechnology.it\/en\/about-us\/\",\"url\":\"https:\/\/www.sparktechnology.it\/en\/about-us\/\",\"name\":\"About Us - Spark Srl\",\"isPartOf\":{\"@id\":\"https:\/\/www.sparktechnology.it\/en\/#website\"},\"primaryImageOfPage\":{\"@id\":\"https:\/\/www.sparktechnology.it\/en\/about-us\/#primaryimage\"},\"image\":{\"@id\":\"https:\/\/www.sparktechnology.it\/en\/about-us\/#primaryimage\"},\"thumbnailUrl\":\"https:\/\/www.sparktechnology.it\/wp-content\/uploads\/2022\/06\/spark-chi-siamo-2.jpg\",\"datePublished\":\"2019-10-09T13:04:57+00:00\",\"dateModified\":\"2024-08-09T08:38:14+00:00\",\"description\":\"Spark is a mechanical company specialized for over 20 years in the design and construction of plants in the food sector.\",\"breadcrumb\":{\"@id\":\"https:\/\/www.sparktechnology.it\/en\/about-us\/#breadcrumb\"},\"inLanguage\":\"en-US\",\"potentialAction\":[{\"@type\":\"ReadAction\",\"target\":[\"https:\/\/www.sparktechnology.it\/en\/about-us\/\"]}]},{\"@type\":\"ImageObject\",\"inLanguage\":\"en-US\",\"@id\":\"https:\/\/www.sparktechnology.it\/en\/about-us\/#primaryimage\",\"url\":\"https:\/\/www.sparktechnology.it\/wp-content\/uploads\/2022\/06\/spark-chi-siamo-2.jpg\",\"contentUrl\":\"https:\/\/www.sparktechnology.it\/wp-content\/uploads\/2022\/06\/spark-chi-siamo-2.jpg\",\"width\":1855,\"height\":909},{\"@type\":\"BreadcrumbList\",\"@id\":\"https:\/\/www.sparktechnology.it\/en\/about-us\/#breadcrumb\",\"itemListElement\":[{\"@type\":\"ListItem\",\"position\":1,\"name\":\"Home\",\"item\":\"https:\/\/www.sparktechnology.it\/en\/\"},{\"@type\":\"ListItem\",\"position\":2,\"name\":\"About Us\"}]},{\"@type\":\"WebSite\",\"@id\":\"https:\/\/www.sparktechnology.it\/en\/#website\",\"url\":\"https:\/\/www.sparktechnology.it\/en\/\",\"name\":\"Spark Srl\",\"description\":\"Produzione e personalizzazione di macchinari, impianti e attrezzature per Pastifici\",\"publisher\":{\"@id\":\"https:\/\/www.sparktechnology.it\/en\/#organization\"},\"alternateName\":\"Spark Srl produzione e personalizzazione di macchinari per l'industria alimentare\",\"potentialAction\":[{\"@type\":\"SearchAction\",\"target\":{\"@type\":\"EntryPoint\",\"urlTemplate\":\"https:\/\/www.sparktechnology.it\/en\/?s={search_term_string}\"},\"query-input\":\"required name=search_term_string\"}],\"inLanguage\":\"en-US\"},{\"@type\":\"Organization\",\"@id\":\"https:\/\/www.sparktechnology.it\/en\/#organization\",\"name\":\"Spark Srl\",\"alternateName\":\"Spark Srl produzione e personalizzazione di macchinari per l'industria alimentare\",\"url\":\"https:\/\/www.sparktechnology.it\/en\/\",\"logo\":{\"@type\":\"ImageObject\",\"inLanguage\":\"en-US\",\"@id\":\"https:\/\/www.sparktechnology.it\/en\/#\/schema\/logo\/image\/\",\"url\":\"https:\/\/www.sparktechnology.it\/wp-content\/uploads\/2022\/12\/cropped-spark-icon.png\",\"contentUrl\":\"https:\/\/www.sparktechnology.it\/wp-content\/uploads\/2022\/12\/cropped-spark-icon.png\",\"width\":512,\"height\":512,\"caption\":\"Spark Srl\"},\"image\":{\"@id\":\"https:\/\/www.sparktechnology.it\/en\/#\/schema\/logo\/image\/\"}}]}<\/script>\n<!-- \/ Yoast SEO plugin. -->","yoast_head_json":{"title":"About Us - Spark Srl","description":"Spark is a mechanical company specialized for over 20 years in the design and construction of plants in the food sector.","robots":{"index":"index","follow":"follow","max-snippet":"max-snippet:-1","max-image-preview":"max-image-preview:large","max-video-preview":"max-video-preview:-1"},"canonical":"https:\/\/www.sparktechnology.it\/en\/about-us\/","og_locale":"en_US","og_type":"article","og_title":"About Us - Spark Srl","og_description":"Spark is a mechanical company specialized for over 20 years in the design and construction of plants in the food sector.","og_site_name":"Spark Srl","article_modified_time":"2024-08-09T08:38:14+00:00","og_image":[{"width":1855,"height":909,"url":"https:\/\/www.sparktechnology.it\/wp-content\/uploads\/2022\/06\/spark-chi-siamo-2.jpg","type":"image\/jpeg"}],"twitter_card":"summary_large_image","twitter_misc":{"Est. reading time":"4 minutes"},"schema":{"@context":"https:\/\/schema.org","@graph":[{"@type":"WebPage","@id":"https:\/\/www.sparktechnology.it\/en\/about-us\/","url":"https:\/\/www.sparktechnology.it\/en\/about-us\/","name":"About Us - Spark Srl","isPartOf":{"@id":"https:\/\/www.sparktechnology.it\/en\/#website"},"primaryImageOfPage":{"@id":"https:\/\/www.sparktechnology.it\/en\/about-us\/#primaryimage"},"image":{"@id":"https:\/\/www.sparktechnology.it\/en\/about-us\/#primaryimage"},"thumbnailUrl":"https:\/\/www.sparktechnology.it\/wp-content\/uploads\/2022\/06\/spark-chi-siamo-2.jpg","datePublished":"2019-10-09T13:04:57+00:00","dateModified":"2024-08-09T08:38:14+00:00","description":"Spark is a mechanical company specialized for over 20 years in the design and construction of plants in the food sector.","breadcrumb":{"@id":"https:\/\/www.sparktechnology.it\/en\/about-us\/#breadcrumb"},"inLanguage":"en-US","potentialAction":[{"@type":"ReadAction","target":["https:\/\/www.sparktechnology.it\/en\/about-us\/"]}]},{"@type":"ImageObject","inLanguage":"en-US","@id":"https:\/\/www.sparktechnology.it\/en\/about-us\/#primaryimage","url":"https:\/\/www.sparktechnology.it\/wp-content\/uploads\/2022\/06\/spark-chi-siamo-2.jpg","contentUrl":"https:\/\/www.sparktechnology.it\/wp-content\/uploads\/2022\/06\/spark-chi-siamo-2.jpg","width":1855,"height":909},{"@type":"BreadcrumbList","@id":"https:\/\/www.sparktechnology.it\/en\/about-us\/#breadcrumb","itemListElement":[{"@type":"ListItem","position":1,"name":"Home","item":"https:\/\/www.sparktechnology.it\/en\/"},{"@type":"ListItem","position":2,"name":"About Us"}]},{"@type":"WebSite","@id":"https:\/\/www.sparktechnology.it\/en\/#website","url":"https:\/\/www.sparktechnology.it\/en\/","name":"Spark Srl","description":"Produzione e personalizzazione di macchinari, impianti e attrezzature per Pastifici","publisher":{"@id":"https:\/\/www.sparktechnology.it\/en\/#organization"},"alternateName":"Spark Srl produzione e personalizzazione di macchinari per l'industria alimentare","potentialAction":[{"@type":"SearchAction","target":{"@type":"EntryPoint","urlTemplate":"https:\/\/www.sparktechnology.it\/en\/?s={search_term_string}"},"query-input":"required name=search_term_string"}],"inLanguage":"en-US"},{"@type":"Organization","@id":"https:\/\/www.sparktechnology.it\/en\/#organization","name":"Spark Srl","alternateName":"Spark Srl produzione e personalizzazione di macchinari per l'industria alimentare","url":"https:\/\/www.sparktechnology.it\/en\/","logo":{"@type":"ImageObject","inLanguage":"en-US","@id":"https:\/\/www.sparktechnology.it\/en\/#\/schema\/logo\/image\/","url":"https:\/\/www.sparktechnology.it\/wp-content\/uploads\/2022\/12\/cropped-spark-icon.png","contentUrl":"https:\/\/www.sparktechnology.it\/wp-content\/uploads\/2022\/12\/cropped-spark-icon.png","width":512,"height":512,"caption":"Spark Srl"},"image":{"@id":"https:\/\/www.sparktechnology.it\/en\/#\/schema\/logo\/image\/"}}]}},"_links":{"self":[{"href":"https:\/\/www.sparktechnology.it\/en\/wp-json\/wp\/v2\/pages\/332"}],"collection":[{"href":"https:\/\/www.sparktechnology.it\/en\/wp-json\/wp\/v2\/pages"}],"about":[{"href":"https:\/\/www.sparktechnology.it\/en\/wp-json\/wp\/v2\/types\/page"}],"author":[{"embeddable":true,"href":"https:\/\/www.sparktechnology.it\/en\/wp-json\/wp\/v2\/users\/2"}],"replies":[{"embeddable":true,"href":"https:\/\/www.sparktechnology.it\/en\/wp-json\/wp\/v2\/comments?post=332"}],"version-history":[{"count":15,"href":"https:\/\/www.sparktechnology.it\/en\/wp-json\/wp\/v2\/pages\/332\/revisions"}],"predecessor-version":[{"id":2294,"href":"https:\/\/www.sparktechnology.it\/en\/wp-json\/wp\/v2\/pages\/332\/revisions\/2294"}],"wp:featuredmedia":[{"embeddable":true,"href":"https:\/\/www.sparktechnology.it\/en\/wp-json\/wp\/v2\/media\/768"}],"wp:attachment":[{"href":"https:\/\/www.sparktechnology.it\/en\/wp-json\/wp\/v2\/media?parent=332"}],"curies":[{"name":"wp","href":"https:\/\/api.w.org\/{rel}","templated":true}]}}