{"id":334,"date":"2019-10-09T13:06:52","date_gmt":"2019-10-09T13:06:52","guid":{"rendered":"https:\/\/www.sparktechnology.it\/why-choose-us\/"},"modified":"2024-08-09T10:42:25","modified_gmt":"2024-08-09T08:42:25","slug":"why-choose-us","status":"publish","type":"page","link":"https:\/\/www.sparktechnology.it\/en\/why-choose-us\/","title":{"rendered":"Why Choose Us"},"content":{"rendered":"<p>[et_pb_section fb_built=&#8221;1&#8243; _builder_version=&#8221;4.19.3&#8243; _module_preset=&#8221;default&#8221; background_color=&#8221;gcid-f0305e97-9f3e-4760-843a-c47eb44e143a&#8221; custom_margin=&#8221;||||false|false&#8221; custom_padding=&#8221;25px||20px||false|false&#8221; locked=&#8221;off&#8221; global_colors_info=&#8221;{%22gcid-f0305e97-9f3e-4760-843a-c47eb44e143a%22:%91%22background_color%22%93}&#8221;][et_pb_row column_structure=&#8221;3_4,1_4&#8243; _builder_version=&#8221;4.19.3&#8243; _module_preset=&#8221;default&#8221; custom_padding=&#8221;0px||0px||true|false&#8221; global_colors_info=&#8221;{}&#8221;][et_pb_column type=&#8221;3_4&#8243; _builder_version=&#8221;4.19.3&#8243; _module_preset=&#8221;default&#8221; global_colors_info=&#8221;{}&#8221;][et_pb_text content_tablet=&#8221;<\/p>\n<p style=%22text-align: left;%22>Do you have a project to customize?<\/p>\n<p>&#8221; content_phone=&#8221;<\/p>\n<p style=%22text-align: left;%22>Do you have a project to customize?<\/p>\n<p>&#8221; content_last_edited=&#8221;on|phone&#8221; _builder_version=&#8221;4.27.0&#8243; _module_preset=&#8221;default&#8221; text_font=&#8221;|600|||||||&#8221; text_text_color=&#8221;#FFFFFF&#8221; text_font_size=&#8221;20px&#8221; custom_padding=&#8221;10px||||false|false&#8221; global_colors_info=&#8221;{}&#8221;]<\/p>\n<p style=\"text-align: right;\">Do you have a project to customize?<\/p>\n<p>[\/et_pb_text][\/et_pb_column][et_pb_column type=&#8221;1_4&#8243; _builder_version=&#8221;4.19.3&#8243; _module_preset=&#8221;default&#8221; global_colors_info=&#8221;{}&#8221;][et_pb_button button_url=&#8221;@ET-DC@eyJkeW5hbWljIjp0cnVlLCJjb250ZW50IjoicG9zdF9saW5rX3VybF9wYWdlIiwic2V0dGluZ3MiOnsicG9zdF9pZCI6IjYifX0=@&#8221; button_text=&#8221;CONTACT US&#8221; _builder_version=&#8221;4.23.1&#8243; _dynamic_attributes=&#8221;button_url&#8221; _module_preset=&#8221;default&#8221; custom_button=&#8221;on&#8221; button_text_size=&#8221;16px&#8221; button_text_color=&#8221;#FFFFFF&#8221; button_border_width=&#8221;2px&#8221; button_font=&#8221;|600|||||||&#8221; custom_margin=&#8221;||0px||false|false&#8221; global_colors_info=&#8221;{}&#8221;][\/et_pb_button][\/et_pb_column][\/et_pb_row][\/et_pb_section][et_pb_section fb_built=&#8221;1&#8243; admin_label=&#8221;section&#8221; _builder_version=&#8221;4.16&#8243; global_colors_info=&#8221;{}&#8221;][et_pb_row column_structure=&#8221;1_2,1_2&#8243; admin_label=&#8221;row&#8221; _builder_version=&#8221;4.27.0&#8243; background_size=&#8221;initial&#8221; background_position=&#8221;top_left&#8221; background_repeat=&#8221;repeat&#8221; min_height=&#8221;640.7px&#8221; custom_margin=&#8221;||||false|false&#8221; global_colors_info=&#8221;{}&#8221;][et_pb_column type=&#8221;1_2&#8243; _builder_version=&#8221;4.16&#8243; custom_padding=&#8221;|||&#8221; global_colors_info=&#8221;{}&#8221; custom_padding__hover=&#8221;|||&#8221;][et_pb_text admin_label=&#8221;Text&#8221; _builder_version=&#8221;4.27.0&#8243; header_font=&#8221;|700||on|||||&#8221; header_font_size=&#8221;40px&#8221; header_2_font=&#8221;|600|||||||&#8221; background_size=&#8221;initial&#8221; background_position=&#8221;top_left&#8221; background_repeat=&#8221;repeat&#8221; text_orientation=&#8221;justified&#8221; global_colors_info=&#8221;{}&#8221;]<\/p>\n<h1>Why choose Spark srl?<\/h1>\n<p>&nbsp;<\/p>\n<p>First and foremost, because of the\u00a0<strong>many years of experience<\/strong>\u00a0acquired by\u00a0<strong>Spark Srl<\/strong>\u00a0in the sector of\u00a0<strong>food industry systems<\/strong>\u00a0and\u00a0<strong>machinery<\/strong>, with its\u00a0<strong>high level of professionalism<\/strong>\u00a0and\u00a0<strong>technical skills<\/strong>, but above all because our company is able to\u00a0<strong>follow the entire production and service process<\/strong>, from the design phase through to the moment of installation and aftersales assistance. Aftersales assistance is particularly important for end customers, who are able to follow the entire project in consultation with the same provider.<\/p>\n<p>In addition,\u00a0<strong>Spark Srl<\/strong>\u00a0<strong>sells<\/strong>\u00a0not only new products but also\u00a0<strong>reconditioned\u00a0<\/strong>equipment. In fact, as well as new models, the company also offers the market second-hand machines, <strong>completely refurbished and technologically modernized<\/strong>\u00a0in their operation, and brought into full compliance with applicable standards. In these cases, the used but renovated products sold by\u00a0<strong>Spark Srl<\/strong>\u00a0have the same quality as new products, but at decidedly more advantageous prices.<\/p>\n<p>Finally,\u00a0<strong>Spark Srl<\/strong>\u00a0is a\u00a0<strong>company in continuous evolution<\/strong>, committed to constant\u00a0<strong>research and development\u00a0<\/strong>and aiming to identify the\u00a0<strong>best possible technological<\/strong>\u00a0solutions while keeping production costs unchanged.<\/p>\n<p>&nbsp;<\/p>\n<p>[\/et_pb_text][\/et_pb_column][et_pb_column type=&#8221;1_2&#8243; _builder_version=&#8221;4.16&#8243; custom_padding=&#8221;|||&#8221; global_colors_info=&#8221;{}&#8221; custom_padding__hover=&#8221;|||&#8221;][et_pb_image src=&#8221;https:\/\/www.sparktechnology.it\/wp-content\/uploads\/2021\/11\/clienti.jpg&#8221; title_text=&#8221;clienti&#8221; _builder_version=&#8221;4.19.3&#8243; _module_preset=&#8221;default&#8221; global_colors_info=&#8221;{}&#8221;][\/et_pb_image][\/et_pb_column][\/et_pb_row][\/et_pb_section]<\/p>\n","protected":false},"excerpt":{"rendered":"<p>Do you have a project to customize?Why choose Spark srl? &nbsp; First and foremost, because of the\u00a0many years of experience\u00a0acquired by\u00a0Spark Srl\u00a0in the sector of\u00a0food industry systems\u00a0and\u00a0machinery, with its\u00a0high level of professionalism\u00a0and\u00a0technical skills, but above all because our company is able to\u00a0follow the entire production and service process, from the design phase through to the [&hellip;]<\/p>\n","protected":false},"author":2,"featured_media":0,"parent":0,"menu_order":0,"comment_status":"closed","ping_status":"closed","template":"","meta":{"_acf_changed":false,"_et_pb_use_builder":"on","_et_pb_old_content":"<h1>Perch\u00e9 scegliere Spark srl<\/h1>\r\nPer quale motivo un potenziale cliente dovrebbe scegliere un macchinario prodotto da\u00a0<strong>Spark Srl<\/strong>\u00a0anzich\u00e9 quello di un diretto concorrente?\r\n\r\nInnanzitutto per la\u00a0<strong>pluriennale esperienza<\/strong>\u00a0maturata da\u00a0<strong>Spark Srl<\/strong>\u00a0nel settore degli<strong>\u00a0impianti e macchinari di tipo alimentare industriale<\/strong>, per l\u2019<strong>elevato grado di professionalit\u00e0<\/strong>\u00a0e\u00a0<strong>competenza tecnica<\/strong>, ma soprattutto perch\u00e9 l\u2019Azienda \u00e8 in grado di\u00a0<strong>seguire tutta la filiera produttiva e di servizio<\/strong>, dalle fasi di progettazione al momento dell\u2019istallazione, fino all\u2019assistenza post-vendita. Quest\u2019ultimo \u00e8 un fattore estremamente importante per il cliente finale, che pu\u00f2 interfacciarsi con un unico referente.\r\n\r\nInoltre,\u00a0<strong>Spark Srl\u00a0<\/strong>si occupa della\u00a0<strong>vendita<\/strong>\u00a0non solo di\u00a0<strong>prodotti nuovi<\/strong>, ma anche\u00a0<strong>revisionati<\/strong>. Infatti, oltre ai modelli nuovi (anche di punta, quali, ad esempio, preimpastatrici, centrifughe e macchinari per la formazione ed il trattamento, l\u2019Azienda immette sul mercato anche macchinari usati,\u00a0<strong>completamente revisionati e tecnologicamente rinnovati\u00a0<\/strong>nel funzionamento e nel pieno rispetto delle vigenti normative. In questi ultimi casi, il prodotto finale commercializzato da\u00a0<strong>Spark Srl<\/strong>\u00a0\u00e8 pari al nuovo per qualit\u00e0, ma decisamente pi\u00f9 economico.\r\n\r\nInfine,\u00a0<strong>Spark Srl\u00a0<\/strong>\u00e8 un\u2019<strong>azienda in continua evoluzione<\/strong>, impegnata in\u00a0<strong>ricerca e sviluppo<\/strong>\u00a0costanti, in grado di individuare le\u00a0<strong>migliori soluzioni tecnologiche<\/strong>, mantenendo invariati i costi di produzione.\r\n<h2>Alcuni dei nostri clienti<\/h2>\r\nQui a fianco potete vedere solo alcuni dei clienti che si affidano a Spark per le attrzzature dei loro pastifici.\r\n\r\n<img src=\"https:\/\/www.sparktechnology.it\/wp-content\/uploads\/2021\/11\/clienti-1024x928.jpg\" sizes=\"(max-width: 1024px) 100vw, 1024px\" srcset=\"https:\/\/www.sparktechnology.it\/wp-content\/uploads\/2021\/11\/clienti-1024x928.jpg 1024w, https:\/\/www.sparktechnology.it\/wp-content\/uploads\/2021\/11\/clienti-300x272.jpg 300w, https:\/\/www.sparktechnology.it\/wp-content\/uploads\/2021\/11\/clienti-150x136.jpg 150w, https:\/\/www.sparktechnology.it\/wp-content\/uploads\/2021\/11\/clienti-768x696.jpg 768w, https:\/\/www.sparktechnology.it\/wp-content\/uploads\/2021\/11\/clienti-1536x1392.jpg 1536w, https:\/\/www.sparktechnology.it\/wp-content\/uploads\/2021\/11\/clienti-2048x1856.jpg 2048w, https:\/\/www.sparktechnology.it\/wp-content\/uploads\/2021\/11\/clienti-1213x1100.jpg 1213w, https:\/\/www.sparktechnology.it\/wp-content\/uploads\/2021\/11\/clienti-375x340.jpg 375w, https:\/\/www.sparktechnology.it\/wp-content\/uploads\/2021\/11\/clienti.jpg 600w\" alt=\"\" width=\"1024\" height=\"928\" \/>","_et_gb_content_width":"","footnotes":""},"acf":[],"yoast_head":"<!-- This site is optimized with the Yoast SEO plugin v23.1 - https:\/\/yoast.com\/wordpress\/plugins\/seo\/ -->\n<title>Why Choose Us - Spark Srl<\/title>\n<meta name=\"description\" content=\"Thanks to the many years of experience acquired, Spark is able to follow the entire production and service process.\" \/>\n<meta name=\"robots\" content=\"index, follow, max-snippet:-1, max-image-preview:large, max-video-preview:-1\" \/>\n<link rel=\"canonical\" href=\"https:\/\/www.sparktechnology.it\/en\/why-choose-us\/\" \/>\n<meta property=\"og:locale\" content=\"en_US\" \/>\n<meta property=\"og:type\" content=\"article\" \/>\n<meta property=\"og:title\" content=\"Why Choose Us - Spark Srl\" \/>\n<meta property=\"og:description\" content=\"Thanks to the many years of experience acquired, Spark is able to follow the entire production and service process.\" \/>\n<meta property=\"og:site_name\" content=\"Spark Srl\" \/>\n<meta property=\"article:modified_time\" content=\"2024-08-09T08:42:25+00:00\" \/>\n<meta property=\"og:image\" content=\"https:\/\/www.sparktechnology.it\/wp-content\/uploads\/2022\/12\/logo-spark-header.png\" \/>\n\t<meta property=\"og:image:width\" content=\"305\" \/>\n\t<meta property=\"og:image:height\" content=\"119\" \/>\n\t<meta property=\"og:image:type\" content=\"image\/png\" \/>\n<meta name=\"twitter:card\" content=\"summary_large_image\" \/>\n<meta name=\"twitter:label1\" content=\"Est. reading time\" \/>\n\t<meta name=\"twitter:data1\" content=\"2 minutes\" \/>\n<script type=\"application\/ld+json\" class=\"yoast-schema-graph\">{\"@context\":\"https:\/\/schema.org\",\"@graph\":[{\"@type\":\"WebPage\",\"@id\":\"https:\/\/www.sparktechnology.it\/en\/why-choose-us\/\",\"url\":\"https:\/\/www.sparktechnology.it\/en\/why-choose-us\/\",\"name\":\"Why Choose Us - Spark Srl\",\"isPartOf\":{\"@id\":\"https:\/\/www.sparktechnology.it\/en\/#website\"},\"datePublished\":\"2019-10-09T13:06:52+00:00\",\"dateModified\":\"2024-08-09T08:42:25+00:00\",\"description\":\"Thanks to the many years of experience acquired, Spark is able to follow the entire production and service process.\",\"breadcrumb\":{\"@id\":\"https:\/\/www.sparktechnology.it\/en\/why-choose-us\/#breadcrumb\"},\"inLanguage\":\"en-US\",\"potentialAction\":[{\"@type\":\"ReadAction\",\"target\":[\"https:\/\/www.sparktechnology.it\/en\/why-choose-us\/\"]}]},{\"@type\":\"BreadcrumbList\",\"@id\":\"https:\/\/www.sparktechnology.it\/en\/why-choose-us\/#breadcrumb\",\"itemListElement\":[{\"@type\":\"ListItem\",\"position\":1,\"name\":\"Home\",\"item\":\"https:\/\/www.sparktechnology.it\/en\/\"},{\"@type\":\"ListItem\",\"position\":2,\"name\":\"Why Choose Us\"}]},{\"@type\":\"WebSite\",\"@id\":\"https:\/\/www.sparktechnology.it\/en\/#website\",\"url\":\"https:\/\/www.sparktechnology.it\/en\/\",\"name\":\"Spark Srl\",\"description\":\"Produzione e personalizzazione di macchinari, impianti e attrezzature per Pastifici\",\"publisher\":{\"@id\":\"https:\/\/www.sparktechnology.it\/en\/#organization\"},\"alternateName\":\"Spark Srl produzione e personalizzazione di macchinari per l'industria alimentare\",\"potentialAction\":[{\"@type\":\"SearchAction\",\"target\":{\"@type\":\"EntryPoint\",\"urlTemplate\":\"https:\/\/www.sparktechnology.it\/en\/?s={search_term_string}\"},\"query-input\":\"required name=search_term_string\"}],\"inLanguage\":\"en-US\"},{\"@type\":\"Organization\",\"@id\":\"https:\/\/www.sparktechnology.it\/en\/#organization\",\"name\":\"Spark Srl\",\"alternateName\":\"Spark Srl produzione e personalizzazione di macchinari per l'industria alimentare\",\"url\":\"https:\/\/www.sparktechnology.it\/en\/\",\"logo\":{\"@type\":\"ImageObject\",\"inLanguage\":\"en-US\",\"@id\":\"https:\/\/www.sparktechnology.it\/en\/#\/schema\/logo\/image\/\",\"url\":\"https:\/\/www.sparktechnology.it\/wp-content\/uploads\/2022\/12\/cropped-spark-icon.png\",\"contentUrl\":\"https:\/\/www.sparktechnology.it\/wp-content\/uploads\/2022\/12\/cropped-spark-icon.png\",\"width\":512,\"height\":512,\"caption\":\"Spark Srl\"},\"image\":{\"@id\":\"https:\/\/www.sparktechnology.it\/en\/#\/schema\/logo\/image\/\"}}]}<\/script>\n<!-- \/ Yoast SEO plugin. -->","yoast_head_json":{"title":"Why Choose Us - Spark Srl","description":"Thanks to the many years of experience acquired, Spark is able to follow the entire production and service process.","robots":{"index":"index","follow":"follow","max-snippet":"max-snippet:-1","max-image-preview":"max-image-preview:large","max-video-preview":"max-video-preview:-1"},"canonical":"https:\/\/www.sparktechnology.it\/en\/why-choose-us\/","og_locale":"en_US","og_type":"article","og_title":"Why Choose Us - Spark Srl","og_description":"Thanks to the many years of experience acquired, Spark is able to follow the entire production and service process.","og_site_name":"Spark Srl","article_modified_time":"2024-08-09T08:42:25+00:00","og_image":[{"width":305,"height":119,"url":"https:\/\/www.sparktechnology.it\/wp-content\/uploads\/2022\/12\/logo-spark-header.png","type":"image\/png"}],"twitter_card":"summary_large_image","twitter_misc":{"Est. reading time":"2 minutes"},"schema":{"@context":"https:\/\/schema.org","@graph":[{"@type":"WebPage","@id":"https:\/\/www.sparktechnology.it\/en\/why-choose-us\/","url":"https:\/\/www.sparktechnology.it\/en\/why-choose-us\/","name":"Why Choose Us - Spark Srl","isPartOf":{"@id":"https:\/\/www.sparktechnology.it\/en\/#website"},"datePublished":"2019-10-09T13:06:52+00:00","dateModified":"2024-08-09T08:42:25+00:00","description":"Thanks to the many years of experience acquired, Spark is able to follow the entire production and service process.","breadcrumb":{"@id":"https:\/\/www.sparktechnology.it\/en\/why-choose-us\/#breadcrumb"},"inLanguage":"en-US","potentialAction":[{"@type":"ReadAction","target":["https:\/\/www.sparktechnology.it\/en\/why-choose-us\/"]}]},{"@type":"BreadcrumbList","@id":"https:\/\/www.sparktechnology.it\/en\/why-choose-us\/#breadcrumb","itemListElement":[{"@type":"ListItem","position":1,"name":"Home","item":"https:\/\/www.sparktechnology.it\/en\/"},{"@type":"ListItem","position":2,"name":"Why Choose Us"}]},{"@type":"WebSite","@id":"https:\/\/www.sparktechnology.it\/en\/#website","url":"https:\/\/www.sparktechnology.it\/en\/","name":"Spark Srl","description":"Produzione e personalizzazione di macchinari, impianti e attrezzature per Pastifici","publisher":{"@id":"https:\/\/www.sparktechnology.it\/en\/#organization"},"alternateName":"Spark Srl produzione e personalizzazione di macchinari per l'industria alimentare","potentialAction":[{"@type":"SearchAction","target":{"@type":"EntryPoint","urlTemplate":"https:\/\/www.sparktechnology.it\/en\/?s={search_term_string}"},"query-input":"required name=search_term_string"}],"inLanguage":"en-US"},{"@type":"Organization","@id":"https:\/\/www.sparktechnology.it\/en\/#organization","name":"Spark Srl","alternateName":"Spark Srl produzione e personalizzazione di macchinari per l'industria alimentare","url":"https:\/\/www.sparktechnology.it\/en\/","logo":{"@type":"ImageObject","inLanguage":"en-US","@id":"https:\/\/www.sparktechnology.it\/en\/#\/schema\/logo\/image\/","url":"https:\/\/www.sparktechnology.it\/wp-content\/uploads\/2022\/12\/cropped-spark-icon.png","contentUrl":"https:\/\/www.sparktechnology.it\/wp-content\/uploads\/2022\/12\/cropped-spark-icon.png","width":512,"height":512,"caption":"Spark Srl"},"image":{"@id":"https:\/\/www.sparktechnology.it\/en\/#\/schema\/logo\/image\/"}}]}},"_links":{"self":[{"href":"https:\/\/www.sparktechnology.it\/en\/wp-json\/wp\/v2\/pages\/334"}],"collection":[{"href":"https:\/\/www.sparktechnology.it\/en\/wp-json\/wp\/v2\/pages"}],"about":[{"href":"https:\/\/www.sparktechnology.it\/en\/wp-json\/wp\/v2\/types\/page"}],"author":[{"embeddable":true,"href":"https:\/\/www.sparktechnology.it\/en\/wp-json\/wp\/v2\/users\/2"}],"replies":[{"embeddable":true,"href":"https:\/\/www.sparktechnology.it\/en\/wp-json\/wp\/v2\/comments?post=334"}],"version-history":[{"count":18,"href":"https:\/\/www.sparktechnology.it\/en\/wp-json\/wp\/v2\/pages\/334\/revisions"}],"predecessor-version":[{"id":2010,"href":"https:\/\/www.sparktechnology.it\/en\/wp-json\/wp\/v2\/pages\/334\/revisions\/2010"}],"wp:attachment":[{"href":"https:\/\/www.sparktechnology.it\/en\/wp-json\/wp\/v2\/media?parent=334"}],"curies":[{"name":"wp","href":"https:\/\/api.w.org\/{rel}","templated":true}]}}